{"id":2717,"date":"2019-06-04T16:01:48","date_gmt":"2019-06-04T14:01:48","guid":{"rendered":"http:\/\/hbaostahotel.turismok.com\/?page_id=2717"},"modified":"2019-06-13T17:06:45","modified_gmt":"2019-06-13T15:06:45","slug":"petit-dejeuner","status":"publish","type":"page","link":"https:\/\/www.hbaostahotel.com\/fr\/petit-dejeuner\/","title":{"rendered":"PETIT D\u00c9JEUNER"},"content":{"rendered":"<div class=\"wpb-content-wrapper\">[vc_row full_width=\u00a0\u00bbstretch_row_content\u00a0\u00bb css=\u00a0\u00bb.vc_custom_1555419736197{padding-top: 5% !important;padding-bottom: 9% !important;background-color: #261a14 !important;}\u00a0\u00bb][vc_column width=\u00a0\u00bb1\/4&Prime;][\/vc_column][vc_column width=\u00a0\u00bb1\/2&Prime;][vc_column_text css_animation=\u00a0\u00bbtop-to-bottom\u00a0\u00bb]\n<p class=\"teaser\" style=\"text-align: center;\">C&rsquo;est peut-\u00eatre parce que chez nous nous n&rsquo;avons pas le temps, c\u2019est peut-\u00eatre le stress d&rsquo;une longue journ\u00e9e qui nous attend, mais le petit-d\u00e9jeuner \u00e0 l&rsquo;h\u00f4tel a toujours une autre saveur. Pour cette raison, nous nous levons t\u00f4t tous les matins pour pr\u00e9parer le buffet de croissants chauds, de th\u00e9 et de caf\u00e9, de fruits et de friandises\u2026 Sur demande, vous pourrez prendre votre petit d\u00e9jeuner dans votre chambre pour un r\u00e9veil paresseux.<\/p>\n<p class=\"teaser\" style=\"text-align: center;\"><em>Pour les petits d\u00e9jeuners tr\u00e8s t\u00f4t le matin, nous pouvons pr\u00e9parer des panier-repas&#8230;<\/em><\/p>\n<p class=\"teaser\" style=\"text-align: center;\"><em>Petit d\u00e9jeuner buffet : du lundi au samedi de 7h00 \u00e0 10h00. Le dimanche de 7h30 \u00e0 10h30.<\/em><\/p>\n[\/vc_column_text][\/vc_column][vc_column width=\u00a0\u00bb1\/4&Prime;][\/vc_column][\/vc_row][vc_row full_width=\u00a0\u00bbstretch_row_content_no_spaces\u00a0\u00bb][vc_column][vc_media_grid gap=\u00a0\u00bb0&Prime; grid_id=\u00a0\u00bbvc_gid:1560438331157-382e668f-06ec-2&Prime; include=\u00a0\u00bb2962,2965,2968,2971,2974,2977&Prime;][\/vc_column][\/vc_row]\n<\/div>","protected":false},"excerpt":{"rendered":"<p>[vc_row full_width=\u00a0\u00bbstretch_row_content\u00a0\u00bb css=\u00a0\u00bb.vc_custom_1555419736197{padding-top: 5% !important;padding-bottom: 9% !important;background-color: #261a14 !important;}\u00a0\u00bb][vc_column width=\u00a0\u00bb1\/4&Prime;][\/vc_column][vc_column width=\u00a0\u00bb1\/2&Prime;][vc_column_text css_animation=\u00a0\u00bbtop-to-bottom\u00a0\u00bb] C&rsquo;est peut-\u00eatre parce que chez nous nous n&rsquo;avons pas le temps, c\u2019est peut-\u00eatre le stress d&rsquo;une longue journ\u00e9e qui nous attend, mais le petit-d\u00e9jeuner \u00e0 l&rsquo;h\u00f4tel a toujours une autre saveur. Pour cette raison, nous nous levons t\u00f4t tous les matins pour pr\u00e9parer [&hellip;]<\/p>\n","protected":false},"author":1,"featured_media":0,"parent":0,"menu_order":0,"comment_status":"closed","ping_status":"closed","template":"","meta":{"_joinchat":[],"footnotes":""},"class_list":["post-2717","page","type-page","status-publish","hentry"],"yoast_head":"<!-- This site is optimized with the Yoast SEO plugin v26.9 - https:\/\/yoast.com\/product\/yoast-seo-wordpress\/ -->\n<title>PETIT D\u00c9JEUNER - Hotel Aosta centro - Spa Hotel HB Aosta<\/title>\n<meta name=\"robots\" content=\"index, follow, max-snippet:-1, max-image-preview:large, max-video-preview:-1\" \/>\n<link rel=\"canonical\" href=\"https:\/\/www.hbaostahotel.com\/breakfast\/\" \/>\n<meta property=\"og:locale\" content=\"fr_FR\" \/>\n<meta property=\"og:type\" content=\"article\" \/>\n<meta property=\"og:title\" content=\"PETIT D\u00c9JEUNER - Hotel Aosta centro - Spa Hotel HB Aosta\" \/>\n<meta property=\"og:description\" content=\"[vc_row full_width=\u00a0\u00bbstretch_row_content\u00a0\u00bb css=\u00a0\u00bb.vc_custom_1555419736197{padding-top: 5% !important;padding-bottom: 9% !important;background-color: #261a14 !important;}\u00a0\u00bb][vc_column width=\u00a0\u00bb1\/4&Prime;][\/vc_column][vc_column width=\u00a0\u00bb1\/2&Prime;][vc_column_text css_animation=\u00a0\u00bbtop-to-bottom\u00a0\u00bb] C&rsquo;est peut-\u00eatre parce que chez nous nous n&rsquo;avons pas le temps, c\u2019est peut-\u00eatre le stress d&rsquo;une longue journ\u00e9e qui nous attend, mais le petit-d\u00e9jeuner \u00e0 l&rsquo;h\u00f4tel a toujours une autre saveur. Pour cette raison, nous nous levons t\u00f4t tous les matins pour pr\u00e9parer [&hellip;]\" \/>\n<meta property=\"og:url\" content=\"https:\/\/www.hbaostahotel.com\/breakfast\/\" \/>\n<meta property=\"og:site_name\" content=\"Hotel Aosta centro - Spa Hotel HB Aosta\" \/>\n<meta property=\"article:modified_time\" content=\"2019-06-13T15:06:45+00:00\" \/>\n<meta name=\"twitter:card\" content=\"summary_large_image\" \/>\n<meta name=\"twitter:label1\" content=\"Dur\u00e9e de lecture estim\u00e9e\" \/>\n\t<meta name=\"twitter:data1\" content=\"1 minute\" \/>\n<script type=\"application\/ld+json\" class=\"yoast-schema-graph\">{\"@context\":\"https:\/\/schema.org\",\"@graph\":[{\"@type\":\"WebPage\",\"@id\":\"https:\/\/www.hbaostahotel.com\/breakfast\/\",\"url\":\"https:\/\/www.hbaostahotel.com\/breakfast\/\",\"name\":\"PETIT D\u00c9JEUNER - Hotel Aosta centro - Spa Hotel HB Aosta\",\"isPartOf\":{\"@id\":\"https:\/\/www.hbaostahotel.com\/#website\"},\"datePublished\":\"2019-06-04T14:01:48+00:00\",\"dateModified\":\"2019-06-13T15:06:45+00:00\",\"breadcrumb\":{\"@id\":\"https:\/\/www.hbaostahotel.com\/breakfast\/#breadcrumb\"},\"inLanguage\":\"fr-FR\",\"potentialAction\":[{\"@type\":\"ReadAction\",\"target\":[\"https:\/\/www.hbaostahotel.com\/breakfast\/\"]}]},{\"@type\":\"BreadcrumbList\",\"@id\":\"https:\/\/www.hbaostahotel.com\/breakfast\/#breadcrumb\",\"itemListElement\":[{\"@type\":\"ListItem\",\"position\":1,\"name\":\"Home\",\"item\":\"https:\/\/www.hbaostahotel.com\/fr\/\"},{\"@type\":\"ListItem\",\"position\":2,\"name\":\"PETIT D\u00c9JEUNER\"}]},{\"@type\":\"WebSite\",\"@id\":\"https:\/\/www.hbaostahotel.com\/#website\",\"url\":\"https:\/\/www.hbaostahotel.com\/\",\"name\":\"Hotel Aosta centro - Spa Hotel HB Aosta\",\"description\":\"Hotel in centro Aosta - Spa Hotel HB Aosta\",\"potentialAction\":[{\"@type\":\"SearchAction\",\"target\":{\"@type\":\"EntryPoint\",\"urlTemplate\":\"https:\/\/www.hbaostahotel.com\/?s={search_term_string}\"},\"query-input\":{\"@type\":\"PropertyValueSpecification\",\"valueRequired\":true,\"valueName\":\"search_term_string\"}}],\"inLanguage\":\"fr-FR\"}]}<\/script>\n<!-- \/ Yoast SEO plugin. -->","yoast_head_json":{"title":"PETIT D\u00c9JEUNER - Hotel Aosta centro - Spa Hotel HB Aosta","robots":{"index":"index","follow":"follow","max-snippet":"max-snippet:-1","max-image-preview":"max-image-preview:large","max-video-preview":"max-video-preview:-1"},"canonical":"https:\/\/www.hbaostahotel.com\/breakfast\/","og_locale":"fr_FR","og_type":"article","og_title":"PETIT D\u00c9JEUNER - Hotel Aosta centro - Spa Hotel HB Aosta","og_description":"[vc_row full_width=\u00a0\u00bbstretch_row_content\u00a0\u00bb css=\u00a0\u00bb.vc_custom_1555419736197{padding-top: 5% !important;padding-bottom: 9% !important;background-color: #261a14 !important;}\u00a0\u00bb][vc_column width=\u00a0\u00bb1\/4&Prime;][\/vc_column][vc_column width=\u00a0\u00bb1\/2&Prime;][vc_column_text css_animation=\u00a0\u00bbtop-to-bottom\u00a0\u00bb] C&rsquo;est peut-\u00eatre parce que chez nous nous n&rsquo;avons pas le temps, c\u2019est peut-\u00eatre le stress d&rsquo;une longue journ\u00e9e qui nous attend, mais le petit-d\u00e9jeuner \u00e0 l&rsquo;h\u00f4tel a toujours une autre saveur. Pour cette raison, nous nous levons t\u00f4t tous les matins pour pr\u00e9parer [&hellip;]","og_url":"https:\/\/www.hbaostahotel.com\/breakfast\/","og_site_name":"Hotel Aosta centro - Spa Hotel HB Aosta","article_modified_time":"2019-06-13T15:06:45+00:00","twitter_card":"summary_large_image","twitter_misc":{"Dur\u00e9e de lecture estim\u00e9e":"1 minute"},"schema":{"@context":"https:\/\/schema.org","@graph":[{"@type":"WebPage","@id":"https:\/\/www.hbaostahotel.com\/breakfast\/","url":"https:\/\/www.hbaostahotel.com\/breakfast\/","name":"PETIT D\u00c9JEUNER - Hotel Aosta centro - Spa Hotel HB Aosta","isPartOf":{"@id":"https:\/\/www.hbaostahotel.com\/#website"},"datePublished":"2019-06-04T14:01:48+00:00","dateModified":"2019-06-13T15:06:45+00:00","breadcrumb":{"@id":"https:\/\/www.hbaostahotel.com\/breakfast\/#breadcrumb"},"inLanguage":"fr-FR","potentialAction":[{"@type":"ReadAction","target":["https:\/\/www.hbaostahotel.com\/breakfast\/"]}]},{"@type":"BreadcrumbList","@id":"https:\/\/www.hbaostahotel.com\/breakfast\/#breadcrumb","itemListElement":[{"@type":"ListItem","position":1,"name":"Home","item":"https:\/\/www.hbaostahotel.com\/fr\/"},{"@type":"ListItem","position":2,"name":"PETIT D\u00c9JEUNER"}]},{"@type":"WebSite","@id":"https:\/\/www.hbaostahotel.com\/#website","url":"https:\/\/www.hbaostahotel.com\/","name":"Hotel Aosta centro - Spa Hotel HB Aosta","description":"Hotel in centro Aosta - Spa Hotel HB Aosta","potentialAction":[{"@type":"SearchAction","target":{"@type":"EntryPoint","urlTemplate":"https:\/\/www.hbaostahotel.com\/?s={search_term_string}"},"query-input":{"@type":"PropertyValueSpecification","valueRequired":true,"valueName":"search_term_string"}}],"inLanguage":"fr-FR"}]}},"_links":{"self":[{"href":"https:\/\/www.hbaostahotel.com\/fr\/wp-json\/wp\/v2\/pages\/2717","targetHints":{"allow":["GET"]}}],"collection":[{"href":"https:\/\/www.hbaostahotel.com\/fr\/wp-json\/wp\/v2\/pages"}],"about":[{"href":"https:\/\/www.hbaostahotel.com\/fr\/wp-json\/wp\/v2\/types\/page"}],"author":[{"embeddable":true,"href":"https:\/\/www.hbaostahotel.com\/fr\/wp-json\/wp\/v2\/users\/1"}],"replies":[{"embeddable":true,"href":"https:\/\/www.hbaostahotel.com\/fr\/wp-json\/wp\/v2\/comments?post=2717"}],"version-history":[{"count":5,"href":"https:\/\/www.hbaostahotel.com\/fr\/wp-json\/wp\/v2\/pages\/2717\/revisions"}],"predecessor-version":[{"id":2980,"href":"https:\/\/www.hbaostahotel.com\/fr\/wp-json\/wp\/v2\/pages\/2717\/revisions\/2980"}],"wp:attachment":[{"href":"https:\/\/www.hbaostahotel.com\/fr\/wp-json\/wp\/v2\/media?parent=2717"}],"curies":[{"name":"wp","href":"https:\/\/api.w.org\/{rel}","templated":true}]}}