{"id":2846,"date":"2019-06-07T09:13:13","date_gmt":"2019-06-07T07:13:13","guid":{"rendered":"http:\/\/hbaostahotel.turismok.com\/?page_id=2846"},"modified":"2021-06-29T12:21:00","modified_gmt":"2021-06-29T10:21:00","slug":"news","status":"publish","type":"page","link":"https:\/\/www.hbaostahotel.com\/fr\/news\/","title":{"rendered":"nouveaut\u00e9s"},"content":{"rendered":"<div class=\"wpb-content-wrapper\">[vc_row full_width=\u00a0\u00bbstretch_row_content\u00a0\u00bb css=\u00a0\u00bb.vc_custom_1555419736197{padding-top: 5% !important;padding-bottom: 9% !important;background-color: #261a14 !important;}\u00a0\u00bb][vc_column width=\u00a0\u00bb1\/4&Prime;][\/vc_column][vc_column width=\u00a0\u00bb1\/2&Prime;]<h2 class=\"calluna-heading calluna-heading-single-line text-align-center \" style=\"color: #e5dbb0;\"><span>Nouveaut\u00e9s \u00e0 ne pas rater !<\/span><\/h2>[vc_empty_space height=\u00a0\u00bb55px\u00a0\u00bb][vc_column_text css_animation=\u00a0\u00bbtop-to-bottom\u00a0\u00bb]\n<p class=\"teaser\" style=\"text-align: center;\">Notre <strong>Life Style Hotel<\/strong> veut offrir une exp\u00e9rience touristique impressionnante \u00e0 tous nos h<span class=\"st\">\u00f4<\/span>tes&#8230; Pour cette raison nous sommes tr\u00e8s actifs sur le territoire dans l&rsquo;organisation d&rsquo;\u00e9v\u00e8nements et pour trouver les partenaires plus opportuns pour offrir des exp\u00e9riences touristiques en mesure de <strong>faire vivre de fortes \u00e9motions et cr\u00e9er de merveilleux souvenirs<\/strong>&#8230;<\/p>\n<p class=\"teaser\" style=\"text-align: center;\"><em><strong>D\u00e9couvre nos suggestions ici !<\/strong><\/em><\/p>\n[\/vc_column_text][\/vc_column][vc_column width=\u00a0\u00bb1\/4&Prime;][\/vc_column][\/vc_row][vc_row full_width=\u00a0\u00bbstretch_row_content_no_spaces\u00a0\u00bb css_animation=\u00a0\u00bbright-to-left\u00a0\u00bb css=\u00a0\u00bb.vc_custom_1555591341737{background-color: #e5dbb0 !important;}\u00a0\u00bb][vc_column][vc_row_inner css=\u00a0\u00bb.vc_custom_1555591353684{background-color: #e5dbb0 !important;}\u00a0\u00bb][vc_column_inner]\n\t\t\t<section class=\"image-square right\">\n\t\t\t    <div class=\"col-md-6 image\">\n\t\t\t        <div class=\"background-image-holder\">\n\t\t\t            <img loading=\"lazy\" decoding=\"async\" width=\"1920\" height=\"1110\" src=\"https:\/\/www.hbaostahotel.com\/wp-content\/uploads\/2019\/06\/guida-turistica-aosta.jpg\" class=\"background-image\" alt=\"guida turistica aosta\" srcset=\"https:\/\/www.hbaostahotel.com\/wp-content\/uploads\/2019\/06\/guida-turistica-aosta.jpg 1920w, https:\/\/www.hbaostahotel.com\/wp-content\/uploads\/2019\/06\/guida-turistica-aosta-300x173.jpg 300w, https:\/\/www.hbaostahotel.com\/wp-content\/uploads\/2019\/06\/guida-turistica-aosta-768x444.jpg 768w, https:\/\/www.hbaostahotel.com\/wp-content\/uploads\/2019\/06\/guida-turistica-aosta-1024x592.jpg 1024w\" sizes=\"auto, (max-width: 1920px) 100vw, 1920px\" \/>\n\t\t\t        <\/div>\n\t\t\t    <\/div>\n\t\t\t    <div class=\"col-md-6 content\">\n\t\t\t        <h2 class=\"calluna-heading calluna-heading- text-align-left \" style=\"color: undefined;margin-bottom: 30px;margin-top: 30px;\"><span>Visites guid\u00e9es<\/span><\/h2>\n<p>Prix conventionn\u00e9s pour les visites guid\u00e9es de la merveilleuse ville d&rsquo;Aoste, des monuments aux chateaux limitrophes\n\t\t\t    <\/div>\n\t\t\t<\/section>\n\t\t[\/vc_column_inner][\/vc_row_inner][\/vc_column][\/vc_row][vc_row full_width=\u00a0\u00bbstretch_row_content_no_spaces\u00a0\u00bb css_animation=\u00a0\u00bbleft-to-right\u00a0\u00bb css=\u00a0\u00bb.vc_custom_1555584130524{background-color: #ffffff !important;}\u00a0\u00bb][vc_column][vc_row_inner css=\u00a0\u00bb.vc_custom_1555584198771{background-color: #ffffff !important;}\u00a0\u00bb][vc_column_inner]\n\t\t\t<section class=\"image-square left\">\n\t\t\t    <div class=\"col-md-6 image\">\n\t\t\t        <div class=\"background-image-holder\">\n\t\t\t            <img loading=\"lazy\" decoding=\"async\" width=\"1920\" height=\"1110\" src=\"https:\/\/www.hbaostahotel.com\/wp-content\/uploads\/2019\/06\/skyway-monte-bianco-hotel-aosta.jpg\" class=\"background-image\" alt=\"skyway monte bianco hotel aosta\" srcset=\"https:\/\/www.hbaostahotel.com\/wp-content\/uploads\/2019\/06\/skyway-monte-bianco-hotel-aosta.jpg 1920w, https:\/\/www.hbaostahotel.com\/wp-content\/uploads\/2019\/06\/skyway-monte-bianco-hotel-aosta-300x173.jpg 300w, https:\/\/www.hbaostahotel.com\/wp-content\/uploads\/2019\/06\/skyway-monte-bianco-hotel-aosta-768x444.jpg 768w, https:\/\/www.hbaostahotel.com\/wp-content\/uploads\/2019\/06\/skyway-monte-bianco-hotel-aosta-1024x592.jpg 1024w\" sizes=\"auto, (max-width: 1920px) 100vw, 1920px\" \/>\n\t\t\t        <\/div>\n\t\t\t    <\/div>\n\t\t\t    <div class=\"col-md-6 col-md-offset-1 content\">\n\t\t\t        <h2 class=\"calluna-heading calluna-heading- text-align-left \" style=\"color: undefined;margin-bottom: 30px;margin-top: 30px;\"><span>Sky way<\/span><\/h2>\n<p>Notre Hotel offre des billets \u00e0 prix r\u00e9duits pour le splendide Skyway\n\t\t\t    <\/div>\n\t\t\t<\/section>\n\t\t[\/vc_column_inner][\/vc_row_inner][\/vc_column][\/vc_row]\n<\/div>","protected":false},"excerpt":{"rendered":"<p>[vc_row full_width=\u00a0\u00bbstretch_row_content\u00a0\u00bb css=\u00a0\u00bb.vc_custom_1555419736197{padding-top: 5% !important;padding-bottom: 9% !important;background-color: #261a14 !important;}\u00a0\u00bb][vc_column width=\u00a0\u00bb1\/4&Prime;][\/vc_column][vc_column width=\u00a0\u00bb1\/2&Prime;][vc_empty_space height=\u00a0\u00bb55px\u00a0\u00bb][vc_column_text css_animation=\u00a0\u00bbtop-to-bottom\u00a0\u00bb] Notre Life Style Hotel veut offrir une exp\u00e9rience touristique impressionnante \u00e0 tous nos h\u00f4tes&#8230; Pour cette raison nous sommes tr\u00e8s actifs sur le territoire dans l&rsquo;organisation d&rsquo;\u00e9v\u00e8nements et pour trouver les partenaires plus opportuns pour offrir des exp\u00e9riences touristiques en mesure de [&hellip;]<\/p>\n","protected":false},"author":1,"featured_media":0,"parent":0,"menu_order":0,"comment_status":"closed","ping_status":"closed","template":"","meta":{"_joinchat":[],"footnotes":""},"class_list":["post-2846","page","type-page","status-publish","hentry"],"yoast_head":"<!-- This site is optimized with the Yoast SEO plugin v26.9 - https:\/\/yoast.com\/product\/yoast-seo-wordpress\/ -->\n<title>nouveaut\u00e9s - Hotel Aosta centro - Spa Hotel HB Aosta<\/title>\n<meta name=\"robots\" content=\"index, follow, max-snippet:-1, max-image-preview:large, max-video-preview:-1\" \/>\n<link rel=\"canonical\" href=\"https:\/\/www.hbaostahotel.com\/fr\/news\/\" \/>\n<meta property=\"og:locale\" content=\"fr_FR\" \/>\n<meta property=\"og:type\" content=\"article\" \/>\n<meta property=\"og:title\" content=\"nouveaut\u00e9s - Hotel Aosta centro - Spa Hotel HB Aosta\" \/>\n<meta property=\"og:description\" content=\"[vc_row full_width=\u00a0\u00bbstretch_row_content\u00a0\u00bb css=\u00a0\u00bb.vc_custom_1555419736197{padding-top: 5% !important;padding-bottom: 9% !important;background-color: #261a14 !important;}\u00a0\u00bb][vc_column width=\u00a0\u00bb1\/4&Prime;][\/vc_column][vc_column width=\u00a0\u00bb1\/2&Prime;][vc_empty_space height=\u00a0\u00bb55px\u00a0\u00bb][vc_column_text css_animation=\u00a0\u00bbtop-to-bottom\u00a0\u00bb] Notre Life Style Hotel veut offrir une exp\u00e9rience touristique impressionnante \u00e0 tous nos h\u00f4tes&#8230; Pour cette raison nous sommes tr\u00e8s actifs sur le territoire dans l&rsquo;organisation d&rsquo;\u00e9v\u00e8nements et pour trouver les partenaires plus opportuns pour offrir des exp\u00e9riences touristiques en mesure de [&hellip;]\" \/>\n<meta property=\"og:url\" content=\"https:\/\/www.hbaostahotel.com\/fr\/news\/\" \/>\n<meta property=\"og:site_name\" content=\"Hotel Aosta centro - Spa Hotel HB Aosta\" \/>\n<meta property=\"article:modified_time\" content=\"2021-06-29T10:21:00+00:00\" \/>\n<meta name=\"twitter:card\" content=\"summary_large_image\" \/>\n<meta name=\"twitter:label1\" content=\"Dur\u00e9e de lecture estim\u00e9e\" \/>\n\t<meta name=\"twitter:data1\" content=\"2 minutes\" \/>\n<script type=\"application\/ld+json\" class=\"yoast-schema-graph\">{\"@context\":\"https:\/\/schema.org\",\"@graph\":[{\"@type\":\"WebPage\",\"@id\":\"https:\/\/www.hbaostahotel.com\/fr\/news\/\",\"url\":\"https:\/\/www.hbaostahotel.com\/fr\/news\/\",\"name\":\"nouveaut\u00e9s - Hotel Aosta centro - Spa Hotel HB Aosta\",\"isPartOf\":{\"@id\":\"https:\/\/www.hbaostahotel.com\/#website\"},\"datePublished\":\"2019-06-07T07:13:13+00:00\",\"dateModified\":\"2021-06-29T10:21:00+00:00\",\"breadcrumb\":{\"@id\":\"https:\/\/www.hbaostahotel.com\/fr\/news\/#breadcrumb\"},\"inLanguage\":\"fr-FR\",\"potentialAction\":[{\"@type\":\"ReadAction\",\"target\":[\"https:\/\/www.hbaostahotel.com\/fr\/news\/\"]}]},{\"@type\":\"BreadcrumbList\",\"@id\":\"https:\/\/www.hbaostahotel.com\/fr\/news\/#breadcrumb\",\"itemListElement\":[{\"@type\":\"ListItem\",\"position\":1,\"name\":\"Home\",\"item\":\"https:\/\/www.hbaostahotel.com\/fr\/\"},{\"@type\":\"ListItem\",\"position\":2,\"name\":\"nouveaut\u00e9s\"}]},{\"@type\":\"WebSite\",\"@id\":\"https:\/\/www.hbaostahotel.com\/#website\",\"url\":\"https:\/\/www.hbaostahotel.com\/\",\"name\":\"Hotel Aosta centro - Spa Hotel HB Aosta\",\"description\":\"Hotel in centro Aosta - Spa Hotel HB Aosta\",\"potentialAction\":[{\"@type\":\"SearchAction\",\"target\":{\"@type\":\"EntryPoint\",\"urlTemplate\":\"https:\/\/www.hbaostahotel.com\/?s={search_term_string}\"},\"query-input\":{\"@type\":\"PropertyValueSpecification\",\"valueRequired\":true,\"valueName\":\"search_term_string\"}}],\"inLanguage\":\"fr-FR\"}]}<\/script>\n<!-- \/ Yoast SEO plugin. -->","yoast_head_json":{"title":"nouveaut\u00e9s - Hotel Aosta centro - Spa Hotel HB Aosta","robots":{"index":"index","follow":"follow","max-snippet":"max-snippet:-1","max-image-preview":"max-image-preview:large","max-video-preview":"max-video-preview:-1"},"canonical":"https:\/\/www.hbaostahotel.com\/fr\/news\/","og_locale":"fr_FR","og_type":"article","og_title":"nouveaut\u00e9s - Hotel Aosta centro - Spa Hotel HB Aosta","og_description":"[vc_row full_width=\u00a0\u00bbstretch_row_content\u00a0\u00bb css=\u00a0\u00bb.vc_custom_1555419736197{padding-top: 5% !important;padding-bottom: 9% !important;background-color: #261a14 !important;}\u00a0\u00bb][vc_column width=\u00a0\u00bb1\/4&Prime;][\/vc_column][vc_column width=\u00a0\u00bb1\/2&Prime;][vc_empty_space height=\u00a0\u00bb55px\u00a0\u00bb][vc_column_text css_animation=\u00a0\u00bbtop-to-bottom\u00a0\u00bb] Notre Life Style Hotel veut offrir une exp\u00e9rience touristique impressionnante \u00e0 tous nos h\u00f4tes&#8230; Pour cette raison nous sommes tr\u00e8s actifs sur le territoire dans l&rsquo;organisation d&rsquo;\u00e9v\u00e8nements et pour trouver les partenaires plus opportuns pour offrir des exp\u00e9riences touristiques en mesure de [&hellip;]","og_url":"https:\/\/www.hbaostahotel.com\/fr\/news\/","og_site_name":"Hotel Aosta centro - Spa Hotel HB Aosta","article_modified_time":"2021-06-29T10:21:00+00:00","twitter_card":"summary_large_image","twitter_misc":{"Dur\u00e9e de lecture estim\u00e9e":"2 minutes"},"schema":{"@context":"https:\/\/schema.org","@graph":[{"@type":"WebPage","@id":"https:\/\/www.hbaostahotel.com\/fr\/news\/","url":"https:\/\/www.hbaostahotel.com\/fr\/news\/","name":"nouveaut\u00e9s - Hotel Aosta centro - Spa Hotel HB Aosta","isPartOf":{"@id":"https:\/\/www.hbaostahotel.com\/#website"},"datePublished":"2019-06-07T07:13:13+00:00","dateModified":"2021-06-29T10:21:00+00:00","breadcrumb":{"@id":"https:\/\/www.hbaostahotel.com\/fr\/news\/#breadcrumb"},"inLanguage":"fr-FR","potentialAction":[{"@type":"ReadAction","target":["https:\/\/www.hbaostahotel.com\/fr\/news\/"]}]},{"@type":"BreadcrumbList","@id":"https:\/\/www.hbaostahotel.com\/fr\/news\/#breadcrumb","itemListElement":[{"@type":"ListItem","position":1,"name":"Home","item":"https:\/\/www.hbaostahotel.com\/fr\/"},{"@type":"ListItem","position":2,"name":"nouveaut\u00e9s"}]},{"@type":"WebSite","@id":"https:\/\/www.hbaostahotel.com\/#website","url":"https:\/\/www.hbaostahotel.com\/","name":"Hotel Aosta centro - Spa Hotel HB Aosta","description":"Hotel in centro Aosta - Spa Hotel HB Aosta","potentialAction":[{"@type":"SearchAction","target":{"@type":"EntryPoint","urlTemplate":"https:\/\/www.hbaostahotel.com\/?s={search_term_string}"},"query-input":{"@type":"PropertyValueSpecification","valueRequired":true,"valueName":"search_term_string"}}],"inLanguage":"fr-FR"}]}},"_links":{"self":[{"href":"https:\/\/www.hbaostahotel.com\/fr\/wp-json\/wp\/v2\/pages\/2846","targetHints":{"allow":["GET"]}}],"collection":[{"href":"https:\/\/www.hbaostahotel.com\/fr\/wp-json\/wp\/v2\/pages"}],"about":[{"href":"https:\/\/www.hbaostahotel.com\/fr\/wp-json\/wp\/v2\/types\/page"}],"author":[{"embeddable":true,"href":"https:\/\/www.hbaostahotel.com\/fr\/wp-json\/wp\/v2\/users\/1"}],"replies":[{"embeddable":true,"href":"https:\/\/www.hbaostahotel.com\/fr\/wp-json\/wp\/v2\/comments?post=2846"}],"version-history":[{"count":8,"href":"https:\/\/www.hbaostahotel.com\/fr\/wp-json\/wp\/v2\/pages\/2846\/revisions"}],"predecessor-version":[{"id":3232,"href":"https:\/\/www.hbaostahotel.com\/fr\/wp-json\/wp\/v2\/pages\/2846\/revisions\/3232"}],"wp:attachment":[{"href":"https:\/\/www.hbaostahotel.com\/fr\/wp-json\/wp\/v2\/media?parent=2846"}],"curies":[{"name":"wp","href":"https:\/\/api.w.org\/{rel}","templated":true}]}}