{"id":3196,"date":"2021-01-07T11:16:16","date_gmt":"2021-01-07T10:16:16","guid":{"rendered":"https:\/\/www.hbaostahotel.com\/?page_id=3196"},"modified":"2026-02-17T13:26:28","modified_gmt":"2026-02-17T12:26:28","slug":"servizi","status":"publish","type":"page","link":"https:\/\/www.hbaostahotel.com\/fr\/servizi\/","title":{"rendered":"Services"},"content":{"rendered":"<div class=\"wpb-content-wrapper\">[vc_row gap=\u00a0\u00bb10&Prime; css=\u00a0\u00bb.vc_custom_1555594412931{padding-top: 5% !important;padding-bottom: 5% !important;}\u00a0\u00bb][vc_column][vc_row_inner gap=\u00a0\u00bb10&Prime;][vc_column_inner width=\u00a0\u00bb1\/3&Prime;]\n        <div class=\"calluna-icon-box clr calluna-icon-box-four calluna-icon-box-with-link align-center\">\n                            <a href=\"\/camere\/\" title=\"CHAMBRES CONFORTABLES\" class=\"calluna-icon-box-four-link\"  >\n                            <img decoding=\"async\" class=\"calluna-icon-box-four-img-alt\" src=\"https:\/\/www.hbaostahotel.com\/wp-content\/uploads\/2019\/04\/camere-accoglienti.png\" alt=\"CHAMBRES CONFORTABLES\" style=\"width:80px;\" \/>\n                            <h4 class=\"calluna-icon-box-four-heading \" style=color:#212121;>\n                    CHAMBRES CONFORTABLES                <\/h4>\n                            <div class=\"calluna-icon-box-four-content clr\">\n                    <p>33 chambres con\u00e7ues dans les moindres d\u00e9tails pour vous accueillir<\/p>\n                <\/div>\n                            <\/a>\n                    <\/div>\n        \n        [\/vc_column_inner][vc_column_inner width=\u00a0\u00bb1\/3&Prime;]\n        <div class=\"calluna-icon-box clr calluna-icon-box-four 24\/h Gym Access align-center\">\n                            <img decoding=\"async\" class=\"calluna-icon-box-four-img-alt\" src=\"https:\/\/www.hbaostahotel.com\/wp-content\/uploads\/2019\/04\/wifi.png\" alt=\"Wifi\" style=\"width:80px;\" \/>\n                            <h4 class=\"calluna-icon-box-four-heading \" style=color:#212121;>\n                    Wifi                <\/h4>\n                            <div class=\"calluna-icon-box-four-content clr\">\n                    <p>Connexion WiFi haut d\u00e9bit dans tout l&rsquo;h\u00f4tel.<\/p>\n                <\/div>\n                    <\/div>\n        \n        [\/vc_column_inner][vc_column_inner width=\u00a0\u00bb1\/3&Prime;]\n        <div class=\"calluna-icon-box clr calluna-icon-box-four calluna-icon-box-with-link align-center\">\n                            <a href=\"\/spa-centro-aosta\/\" title=\"Spa\" class=\"calluna-icon-box-four-link\"  >\n                            <img decoding=\"async\" class=\"calluna-icon-box-four-img-alt\" src=\"https:\/\/www.hbaostahotel.com\/wp-content\/uploads\/2023\/02\/spa.png\" alt=\"Spa\" style=\"width:80px;\" \/>\n                            <h4 class=\"calluna-icon-box-four-heading \" style=color:#212121;>\n                    Spa                <\/h4>\n                            <div class=\"calluna-icon-box-four-content clr\">\n                    <p>Un centre de bien-\u00eatre \u00e0 ton service<\/p>\n                <\/div>\n                            <\/a>\n                    <\/div>\n        \n        [\/vc_column_inner][\/vc_row_inner][vc_row_inner][vc_column_inner][vc_empty_space][\/vc_column_inner][\/vc_row_inner][vc_row_inner gap=\u00a0\u00bb10&Prime;][vc_column_inner width=\u00a0\u00bb1\/3&Prime;]\n        <div class=\"calluna-icon-box clr calluna-icon-box-four calluna-icon-box-with-link align-center\">\n                            <a href=\"\/breakfast\/\" title=\"PETIT-D\u00c9JEUNER\" class=\"calluna-icon-box-four-link\"  >\n                            <img decoding=\"async\" class=\"calluna-icon-box-four-img-alt\" src=\"https:\/\/www.hbaostahotel.com\/wp-content\/uploads\/2019\/05\/colazione-hotel-aosta.png\" alt=\"PETIT-D\u00c9JEUNER\" style=\"width:80px;\" \/>\n                            <h4 class=\"calluna-icon-box-four-heading \" style=color:#212121;>\n                    PETIT-D\u00c9JEUNER                <\/h4>\n                            <div class=\"calluna-icon-box-four-content clr\">\n                    <p>Petit d\u00e9jeuner sous forme de buffet<\/p>\n                <\/div>\n                            <\/a>\n                    <\/div>\n        \n        [\/vc_column_inner][vc_column_inner width=\u00a0\u00bb1\/3&Prime;]\n        <div class=\"calluna-icon-box clr calluna-icon-box-four calluna-icon-box-with-link align-center\">\n                            <a href=\"\/wp-content\/uploads\/2023\/02\/PIANTINE-CAMERE-DISABILI.pdf\" title=\"Personnes \u00e0 mobilit\u00e9 r\u00e9duite\" class=\"calluna-icon-box-four-link\" target=&quot;_blank&quot; >\n                            <img decoding=\"async\" class=\"calluna-icon-box-four-img-alt\" src=\"https:\/\/www.hbaostahotel.com\/wp-content\/uploads\/2023\/02\/7808850_disabled_invalid_wheelchair_disability_icon.png\" alt=\"Personnes \u00e0 mobilit\u00e9 r\u00e9duite\" style=\"width:80px;\" \/>\n                            <h4 class=\"calluna-icon-box-four-heading \" style=color:#212121;>\n                    Personnes \u00e0 mobilit\u00e9 r\u00e9duite                <\/h4>\n                            <div class=\"calluna-icon-box-four-content clr\">\n                    <p>Au premier \u00e9tage, il y a 2 chambres doubles (dont l&rsquo;une peut \u00e9galement \u00eatre pr\u00e9par\u00e9e avec des lits s\u00e9par\u00e9s) qui sont accessibles aux fauteuils roulants et sans obstacles.<\/p>\n                <\/div>\n                            <\/a>\n                    <\/div>\n        \n        [\/vc_column_inner][vc_column_inner width=\u00a0\u00bb1\/3&Prime;]\n        <div class=\"calluna-icon-box clr calluna-icon-box-four align-center\">\n                            <img decoding=\"async\" class=\"calluna-icon-box-four-img-alt\" src=\"https:\/\/www.hbaostahotel.com\/wp-content\/uploads\/2019\/05\/hotel-per-animali-aosta.png\" alt=\"ANIMAUX DE COMPAGNIE\" style=\"width:80px;\" \/>\n                            <h4 class=\"calluna-icon-box-four-heading \" style=color:#212121;>\n                    ANIMAUX DE COMPAGNIE                <\/h4>\n                            <div class=\"calluna-icon-box-four-content clr\">\n                    <p>Admis avec un suppl\u00e9ment de 8 \u20ac par jour<\/p>\n                <\/div>\n                    <\/div>\n        \n        [\/vc_column_inner][\/vc_row_inner][vc_row_inner][vc_column_inner][vc_empty_space][\/vc_column_inner][\/vc_row_inner][vc_row_inner gap=\u00a0\u00bb10&Prime;][vc_column_inner width=\u00a0\u00bb1\/3&Prime;]\n        <div class=\"calluna-icon-box clr calluna-icon-box-four calluna-icon-box-with-link align-center\">\n                            <a href=\"\/centro-congressi-centro-aosta\/\" title=\"CENTRE DE CONGR\u00c8S\" class=\"calluna-icon-box-four-link\"  >\n                            <img decoding=\"async\" class=\"calluna-icon-box-four-img-alt\" src=\"https:\/\/www.hbaostahotel.com\/wp-content\/uploads\/2019\/04\/iconfinder_briefcase_3827988.png\" alt=\"CENTRE DE CONGR\u00c8S\" style=\"width:80px;\" \/>\n                            <h4 class=\"calluna-icon-box-four-heading \" style=color:#212121;>\n                    CENTRE DE CONGR\u00c8S                <\/h4>\n                            <div class=\"calluna-icon-box-four-content clr\">\n                    <p>Salle de conf\u00e9rence moderne et bien connue pour l&rsquo;organisation d&rsquo;\u00e9v\u00e9nements, de r\u00e9unions et de conf\u00e9rences<\/p>\n                <\/div>\n                            <\/a>\n                    <\/div>\n        \n        [\/vc_column_inner][vc_column_inner width=\u00a0\u00bb1\/3&Prime;]\n        <div class=\"calluna-icon-box clr calluna-icon-box-four align-center\">\n                            <img decoding=\"async\" class=\"calluna-icon-box-four-img-alt\" src=\"https:\/\/www.hbaostahotel.com\/wp-content\/uploads\/2019\/05\/iconfinder_Parking_751082.png\" alt=\"PARKING\" style=\"width:80px;\" \/>\n                            <h4 class=\"calluna-icon-box-four-heading \" style=color:#212121;>\n                    PARKING                <\/h4>\n                            <div class=\"calluna-icon-box-four-content clr\">\n                    <p>Parking vid\u00e9o-surveill\u00e9 \u00e0 c\u00f4t\u00e9 de l\u2019h\u00f4tel avec 20 places de stationnement (co\u00fbt 10 \u20ac par jour), le cas o\u00f9 il serait complet, nous vous recommandons d&rsquo;utiliser le parking public situ\u00e9 en Piazza della Repubblica (\u00e0 100 m\u00e8tres de l&rsquo;h\u00f4tel).<\/p>\n                <\/div>\n                    <\/div>\n        \n        [\/vc_column_inner][vc_column_inner width=\u00a0\u00bb1\/3&Prime;]\n        <div class=\"calluna-icon-box clr calluna-icon-box-four align-center\">\n                            <img decoding=\"async\" class=\"calluna-icon-box-four-img-alt\" src=\"https:\/\/www.hbaostahotel.com\/wp-content\/uploads\/2019\/05\/checkin-hotel-in-centro.png\" alt=\"HORAIRES\" style=\"width:80px;\" \/>\n                            <h4 class=\"calluna-icon-box-four-heading \" style=color:#212121;>\n                    HORAIRES                <\/h4>\n                            <div class=\"calluna-icon-box-four-content clr\">\n                    <p>La r\u00e9ception est ouverte de 7 heures \u00e0 1 heure du matin. Arriv\u00e9e \u00e0 partir de 14h00, d\u00e9part avant 11h00.<br \/>\nVeuillez nous informer en cas d&rsquo;arriv\u00e9e pr\u00e9vue apr\u00e8s 21h00.<\/p>\n                <\/div>\n                    <\/div>\n        \n        [\/vc_column_inner][\/vc_row_inner][vc_row_inner][vc_column_inner][vc_empty_space][\/vc_column_inner][\/vc_row_inner][vc_row_inner gap=\u00a0\u00bb10&Prime;][vc_column_inner width=\u00a0\u00bb1\/3&Prime;][\/vc_column_inner][vc_column_inner width=\u00a0\u00bb1\/3&Prime;]\n        <div class=\"calluna-icon-box clr calluna-icon-box-four align-center\">\n                            <img decoding=\"async\" class=\"calluna-icon-box-four-img-alt\" src=\"https:\/\/www.hbaostahotel.com\/wp-content\/uploads\/2023\/02\/ricarica-auto-elettrica.png\" alt=\"CHARGEMENT DES VOITURES \u00c9LECTRIQUES\" style=\"width:80px;\" \/>\n                            <h4 class=\"calluna-icon-box-four-heading \" style=color:#212121;>\n                    CHARGEMENT DES VOITURES \u00c9LECTRIQUES                <\/h4>\n                            <div class=\"calluna-icon-box-four-content clr\">\n                    <p>Deux chargeurs de voitures \u00e9lectriques sont disponibles dans le parking situ\u00e9 devant l&rsquo;h\u00f4tel. Nous vous recommandons de t\u00e9l\u00e9charger l&rsquo;APP EnerMia avant votre arriv\u00e9e. L&rsquo;APP dans votre Smartphone lance le processus de charge imm\u00e9diatement apr\u00e8s l&rsquo;autorisation et vous permet d&rsquo;obtenir des informations sur l&rsquo;\u00e9tat du processus de charge et les co\u00fbts en temps r\u00e9el.<\/p>\n                <\/div>\n                    <\/div>\n        \n        [\/vc_column_inner][vc_column_inner width=\u00a0\u00bb1\/3&Prime;][\/vc_column_inner][\/vc_row_inner][\/vc_column][\/vc_row][vc_row][vc_column]<h2 class=\"calluna-heading calluna-heading-none text-align-left \" ><span>Info<\/span><\/h2>[\/vc_column][\/vc_row][vc_row css=\u00a0\u00bb.vc_custom_1609242293849{padding-bottom: 5% !important;}\u00a0\u00bb][vc_column width=\u00a0\u00bb1\/2&Prime;]<h3 class=\"calluna-heading calluna-heading-none text-align-left \" ><span>Mode de paiement<\/span><\/h3>[vc_column_text]ATM, carte de cr\u00e9dit et esp\u00e8ces.[\/vc_column_text]<h3 class=\"calluna-heading calluna-heading-none text-align-left \" ><span>Horaires<\/span><\/h3>[vc_column_text]<strong><em>Petit-d\u00e9jeuner<\/em><\/strong>: du lundi au samedi de 07h00 \u00e0 10h00 le dimanche de 07h30 \u00e0 10h30<br \/>\nS&rsquo;il est n\u00e9cessaire d&rsquo;anticiper l&rsquo;heure, veuillez en informer la r\u00e9ception[\/vc_column_text][\/vc_column][vc_column width=\u00a0\u00bb1\/2&Prime;]<h3 class=\"calluna-heading calluna-heading-none text-align-left \" ><span>Comment nous joindre<\/span><\/h3>[vc_column_text]Pour rejoindre l&rsquo;h\u00f4tel en voiture, le seul acc\u00e8s autoris\u00e9 est de la <strong>Piazza della Repubblica<\/strong> (ins\u00e9rer cette indication sur le navigateur satellite).<\/p>\n<p>Apr\u00e8s avoir travers\u00e9 la place, prendre via E. Aubert, malgr\u00e9 les panneaux ZTL, les clients de l&rsquo;h\u00f4tel sont autoris\u00e9s \u00e0 l&rsquo;entr\u00e9e. Apr\u00e8s avoir parcouru environ 30 m\u00e8tres, tournez \u00e0 gauche sur via M. Vaudan et continuez sur environ 50 m\u00e8tres.[\/vc_column_text][\/vc_column][\/vc_row]\n<\/div>","protected":false},"excerpt":{"rendered":"<p>[vc_row gap=\u00a0\u00bb10&Prime; css=\u00a0\u00bb.vc_custom_1555594412931{padding-top: 5% !important;padding-bottom: 5% !important;}\u00a0\u00bb][vc_column][vc_row_inner gap=\u00a0\u00bb10&Prime;][vc_column_inner width=\u00a0\u00bb1\/3&Prime;][\/vc_column_inner][vc_column_inner width=\u00a0\u00bb1\/3&Prime;][\/vc_column_inner][vc_column_inner width=\u00a0\u00bb1\/3&Prime;][\/vc_column_inner][\/vc_row_inner][vc_row_inner][vc_column_inner][vc_empty_space][\/vc_column_inner][\/vc_row_inner][vc_row_inner gap=\u00a0\u00bb10&Prime;][vc_column_inner width=\u00a0\u00bb1\/3&Prime;][\/vc_column_inner][vc_column_inner width=\u00a0\u00bb1\/3&Prime;][\/vc_column_inner][vc_column_inner width=\u00a0\u00bb1\/3&Prime;][\/vc_column_inner][\/vc_row_inner][vc_row_inner][vc_column_inner][vc_empty_space][\/vc_column_inner][\/vc_row_inner][vc_row_inner gap=\u00a0\u00bb10&Prime;][vc_column_inner width=\u00a0\u00bb1\/3&Prime;][\/vc_column_inner][vc_column_inner width=\u00a0\u00bb1\/3&Prime;][\/vc_column_inner][vc_column_inner width=\u00a0\u00bb1\/3&Prime;][\/vc_column_inner][\/vc_row_inner][vc_row_inner][vc_column_inner][vc_empty_space][\/vc_column_inner][\/vc_row_inner][vc_row_inner gap=\u00a0\u00bb10&Prime;][vc_column_inner width=\u00a0\u00bb1\/3&Prime;][\/vc_column_inner][vc_column_inner width=\u00a0\u00bb1\/3&Prime;][\/vc_column_inner][vc_column_inner width=\u00a0\u00bb1\/3&Prime;][\/vc_column_inner][\/vc_row_inner][\/vc_column][\/vc_row][vc_row][vc_column][\/vc_column][\/vc_row][vc_row css=\u00a0\u00bb.vc_custom_1609242293849{padding-bottom: 5% !important;}\u00a0\u00bb][vc_column width=\u00a0\u00bb1\/2&Prime;][vc_column_text]ATM, carte de cr\u00e9dit et esp\u00e8ces.[\/vc_column_text][vc_column_text]Petit-d\u00e9jeuner: du lundi au samedi de 07h00 \u00e0 10h00 le dimanche de 07h30 \u00e0 10h30 S&rsquo;il est n\u00e9cessaire d&rsquo;anticiper l&rsquo;heure, veuillez en informer la [&hellip;]<\/p>\n","protected":false},"author":1,"featured_media":0,"parent":0,"menu_order":0,"comment_status":"closed","ping_status":"closed","template":"","meta":{"_joinchat":[],"footnotes":""},"class_list":["post-3196","page","type-page","status-publish","hentry"],"yoast_head":"<!-- This site is optimized with the Yoast SEO plugin v26.9 - https:\/\/yoast.com\/product\/yoast-seo-wordpress\/ -->\n<title>Services - Hotel Aosta centro - Spa Hotel HB Aosta<\/title>\n<meta name=\"robots\" content=\"index, follow, max-snippet:-1, max-image-preview:large, max-video-preview:-1\" \/>\n<link rel=\"canonical\" href=\"https:\/\/www.hbaostahotel.com\/en\/servizi\/\" \/>\n<meta property=\"og:locale\" content=\"fr_FR\" \/>\n<meta property=\"og:type\" content=\"article\" \/>\n<meta property=\"og:title\" content=\"Services - Hotel Aosta centro - Spa Hotel HB Aosta\" \/>\n<meta property=\"og:description\" content=\"[vc_row gap=\u00a0\u00bb10&Prime; css=\u00a0\u00bb.vc_custom_1555594412931{padding-top: 5% !important;padding-bottom: 5% !important;}\u00a0\u00bb][vc_column][vc_row_inner gap=\u00a0\u00bb10&Prime;][vc_column_inner width=\u00a0\u00bb1\/3&Prime;][\/vc_column_inner][vc_column_inner width=\u00a0\u00bb1\/3&Prime;][\/vc_column_inner][vc_column_inner width=\u00a0\u00bb1\/3&Prime;][\/vc_column_inner][\/vc_row_inner][vc_row_inner][vc_column_inner][vc_empty_space][\/vc_column_inner][\/vc_row_inner][vc_row_inner gap=\u00a0\u00bb10&Prime;][vc_column_inner width=\u00a0\u00bb1\/3&Prime;][\/vc_column_inner][vc_column_inner width=\u00a0\u00bb1\/3&Prime;][\/vc_column_inner][vc_column_inner width=\u00a0\u00bb1\/3&Prime;][\/vc_column_inner][\/vc_row_inner][vc_row_inner][vc_column_inner][vc_empty_space][\/vc_column_inner][\/vc_row_inner][vc_row_inner gap=\u00a0\u00bb10&Prime;][vc_column_inner width=\u00a0\u00bb1\/3&Prime;][\/vc_column_inner][vc_column_inner width=\u00a0\u00bb1\/3&Prime;][\/vc_column_inner][vc_column_inner width=\u00a0\u00bb1\/3&Prime;][\/vc_column_inner][\/vc_row_inner][vc_row_inner][vc_column_inner][vc_empty_space][\/vc_column_inner][\/vc_row_inner][vc_row_inner gap=\u00a0\u00bb10&Prime;][vc_column_inner width=\u00a0\u00bb1\/3&Prime;][\/vc_column_inner][vc_column_inner width=\u00a0\u00bb1\/3&Prime;][\/vc_column_inner][vc_column_inner width=\u00a0\u00bb1\/3&Prime;][\/vc_column_inner][\/vc_row_inner][\/vc_column][\/vc_row][vc_row][vc_column][\/vc_column][\/vc_row][vc_row css=\u00a0\u00bb.vc_custom_1609242293849{padding-bottom: 5% !important;}\u00a0\u00bb][vc_column width=\u00a0\u00bb1\/2&Prime;][vc_column_text]ATM, carte de cr\u00e9dit et esp\u00e8ces.[\/vc_column_text][vc_column_text]Petit-d\u00e9jeuner: du lundi au samedi de 07h00 \u00e0 10h00 le dimanche de 07h30 \u00e0 10h30 S&rsquo;il est n\u00e9cessaire d&rsquo;anticiper l&rsquo;heure, veuillez en informer la [&hellip;]\" \/>\n<meta property=\"og:url\" content=\"https:\/\/www.hbaostahotel.com\/en\/servizi\/\" \/>\n<meta property=\"og:site_name\" content=\"Hotel Aosta centro - Spa Hotel HB Aosta\" \/>\n<meta property=\"article:modified_time\" content=\"2026-02-17T12:26:28+00:00\" \/>\n<meta name=\"twitter:card\" content=\"summary_large_image\" \/>\n<meta name=\"twitter:label1\" content=\"Dur\u00e9e de lecture estim\u00e9e\" \/>\n\t<meta name=\"twitter:data1\" content=\"4 minutes\" \/>\n<script type=\"application\/ld+json\" class=\"yoast-schema-graph\">{\"@context\":\"https:\/\/schema.org\",\"@graph\":[{\"@type\":\"WebPage\",\"@id\":\"https:\/\/www.hbaostahotel.com\/en\/servizi\/\",\"url\":\"https:\/\/www.hbaostahotel.com\/en\/servizi\/\",\"name\":\"Services - Hotel Aosta centro - Spa Hotel HB Aosta\",\"isPartOf\":{\"@id\":\"https:\/\/www.hbaostahotel.com\/#website\"},\"datePublished\":\"2021-01-07T10:16:16+00:00\",\"dateModified\":\"2026-02-17T12:26:28+00:00\",\"breadcrumb\":{\"@id\":\"https:\/\/www.hbaostahotel.com\/en\/servizi\/#breadcrumb\"},\"inLanguage\":\"fr-FR\",\"potentialAction\":[{\"@type\":\"ReadAction\",\"target\":[\"https:\/\/www.hbaostahotel.com\/en\/servizi\/\"]}]},{\"@type\":\"BreadcrumbList\",\"@id\":\"https:\/\/www.hbaostahotel.com\/en\/servizi\/#breadcrumb\",\"itemListElement\":[{\"@type\":\"ListItem\",\"position\":1,\"name\":\"Home\",\"item\":\"https:\/\/www.hbaostahotel.com\/fr\/\"},{\"@type\":\"ListItem\",\"position\":2,\"name\":\"Services\"}]},{\"@type\":\"WebSite\",\"@id\":\"https:\/\/www.hbaostahotel.com\/#website\",\"url\":\"https:\/\/www.hbaostahotel.com\/\",\"name\":\"Hotel Aosta centro - Spa Hotel HB Aosta\",\"description\":\"Hotel in centro Aosta - Spa Hotel HB Aosta\",\"potentialAction\":[{\"@type\":\"SearchAction\",\"target\":{\"@type\":\"EntryPoint\",\"urlTemplate\":\"https:\/\/www.hbaostahotel.com\/?s={search_term_string}\"},\"query-input\":{\"@type\":\"PropertyValueSpecification\",\"valueRequired\":true,\"valueName\":\"search_term_string\"}}],\"inLanguage\":\"fr-FR\"}]}<\/script>\n<!-- \/ Yoast SEO plugin. -->","yoast_head_json":{"title":"Services - Hotel Aosta centro - Spa Hotel HB Aosta","robots":{"index":"index","follow":"follow","max-snippet":"max-snippet:-1","max-image-preview":"max-image-preview:large","max-video-preview":"max-video-preview:-1"},"canonical":"https:\/\/www.hbaostahotel.com\/en\/servizi\/","og_locale":"fr_FR","og_type":"article","og_title":"Services - Hotel Aosta centro - Spa Hotel HB Aosta","og_description":"[vc_row gap=\u00a0\u00bb10&Prime; css=\u00a0\u00bb.vc_custom_1555594412931{padding-top: 5% !important;padding-bottom: 5% !important;}\u00a0\u00bb][vc_column][vc_row_inner gap=\u00a0\u00bb10&Prime;][vc_column_inner width=\u00a0\u00bb1\/3&Prime;][\/vc_column_inner][vc_column_inner width=\u00a0\u00bb1\/3&Prime;][\/vc_column_inner][vc_column_inner width=\u00a0\u00bb1\/3&Prime;][\/vc_column_inner][\/vc_row_inner][vc_row_inner][vc_column_inner][vc_empty_space][\/vc_column_inner][\/vc_row_inner][vc_row_inner gap=\u00a0\u00bb10&Prime;][vc_column_inner width=\u00a0\u00bb1\/3&Prime;][\/vc_column_inner][vc_column_inner width=\u00a0\u00bb1\/3&Prime;][\/vc_column_inner][vc_column_inner width=\u00a0\u00bb1\/3&Prime;][\/vc_column_inner][\/vc_row_inner][vc_row_inner][vc_column_inner][vc_empty_space][\/vc_column_inner][\/vc_row_inner][vc_row_inner gap=\u00a0\u00bb10&Prime;][vc_column_inner width=\u00a0\u00bb1\/3&Prime;][\/vc_column_inner][vc_column_inner width=\u00a0\u00bb1\/3&Prime;][\/vc_column_inner][vc_column_inner width=\u00a0\u00bb1\/3&Prime;][\/vc_column_inner][\/vc_row_inner][vc_row_inner][vc_column_inner][vc_empty_space][\/vc_column_inner][\/vc_row_inner][vc_row_inner gap=\u00a0\u00bb10&Prime;][vc_column_inner width=\u00a0\u00bb1\/3&Prime;][\/vc_column_inner][vc_column_inner width=\u00a0\u00bb1\/3&Prime;][\/vc_column_inner][vc_column_inner width=\u00a0\u00bb1\/3&Prime;][\/vc_column_inner][\/vc_row_inner][\/vc_column][\/vc_row][vc_row][vc_column][\/vc_column][\/vc_row][vc_row css=\u00a0\u00bb.vc_custom_1609242293849{padding-bottom: 5% !important;}\u00a0\u00bb][vc_column width=\u00a0\u00bb1\/2&Prime;][vc_column_text]ATM, carte de cr\u00e9dit et esp\u00e8ces.[\/vc_column_text][vc_column_text]Petit-d\u00e9jeuner: du lundi au samedi de 07h00 \u00e0 10h00 le dimanche de 07h30 \u00e0 10h30 S&rsquo;il est n\u00e9cessaire d&rsquo;anticiper l&rsquo;heure, veuillez en informer la [&hellip;]","og_url":"https:\/\/www.hbaostahotel.com\/en\/servizi\/","og_site_name":"Hotel Aosta centro - Spa Hotel HB Aosta","article_modified_time":"2026-02-17T12:26:28+00:00","twitter_card":"summary_large_image","twitter_misc":{"Dur\u00e9e de lecture estim\u00e9e":"4 minutes"},"schema":{"@context":"https:\/\/schema.org","@graph":[{"@type":"WebPage","@id":"https:\/\/www.hbaostahotel.com\/en\/servizi\/","url":"https:\/\/www.hbaostahotel.com\/en\/servizi\/","name":"Services - Hotel Aosta centro - Spa Hotel HB Aosta","isPartOf":{"@id":"https:\/\/www.hbaostahotel.com\/#website"},"datePublished":"2021-01-07T10:16:16+00:00","dateModified":"2026-02-17T12:26:28+00:00","breadcrumb":{"@id":"https:\/\/www.hbaostahotel.com\/en\/servizi\/#breadcrumb"},"inLanguage":"fr-FR","potentialAction":[{"@type":"ReadAction","target":["https:\/\/www.hbaostahotel.com\/en\/servizi\/"]}]},{"@type":"BreadcrumbList","@id":"https:\/\/www.hbaostahotel.com\/en\/servizi\/#breadcrumb","itemListElement":[{"@type":"ListItem","position":1,"name":"Home","item":"https:\/\/www.hbaostahotel.com\/fr\/"},{"@type":"ListItem","position":2,"name":"Services"}]},{"@type":"WebSite","@id":"https:\/\/www.hbaostahotel.com\/#website","url":"https:\/\/www.hbaostahotel.com\/","name":"Hotel Aosta centro - Spa Hotel HB Aosta","description":"Hotel in centro Aosta - Spa Hotel HB Aosta","potentialAction":[{"@type":"SearchAction","target":{"@type":"EntryPoint","urlTemplate":"https:\/\/www.hbaostahotel.com\/?s={search_term_string}"},"query-input":{"@type":"PropertyValueSpecification","valueRequired":true,"valueName":"search_term_string"}}],"inLanguage":"fr-FR"}]}},"_links":{"self":[{"href":"https:\/\/www.hbaostahotel.com\/fr\/wp-json\/wp\/v2\/pages\/3196","targetHints":{"allow":["GET"]}}],"collection":[{"href":"https:\/\/www.hbaostahotel.com\/fr\/wp-json\/wp\/v2\/pages"}],"about":[{"href":"https:\/\/www.hbaostahotel.com\/fr\/wp-json\/wp\/v2\/types\/page"}],"author":[{"embeddable":true,"href":"https:\/\/www.hbaostahotel.com\/fr\/wp-json\/wp\/v2\/users\/1"}],"replies":[{"embeddable":true,"href":"https:\/\/www.hbaostahotel.com\/fr\/wp-json\/wp\/v2\/comments?post=3196"}],"version-history":[{"count":14,"href":"https:\/\/www.hbaostahotel.com\/fr\/wp-json\/wp\/v2\/pages\/3196\/revisions"}],"predecessor-version":[{"id":3601,"href":"https:\/\/www.hbaostahotel.com\/fr\/wp-json\/wp\/v2\/pages\/3196\/revisions\/3601"}],"wp:attachment":[{"href":"https:\/\/www.hbaostahotel.com\/fr\/wp-json\/wp\/v2\/media?parent=3196"}],"curies":[{"name":"wp","href":"https:\/\/api.w.org\/{rel}","templated":true}]}}